{"id":4627,"date":"2021-05-14T09:28:48","date_gmt":"2021-05-14T09:28:48","guid":{"rendered":"https:\/\/guivernauequips.com\/sistemes-videoconferencia-empreses\/"},"modified":"2025-02-06T10:50:30","modified_gmt":"2025-02-06T10:50:30","slug":"sistemes-videoconferencia-empreses","status":"publish","type":"page","link":"https:\/\/guivernauequips.com\/ca\/sistemes-videoconferencia-empreses\/","title":{"rendered":"Sistemes de Videoconfer\u00e8ncia per a Empreses"},"content":{"rendered":"\t\t<div data-elementor-type=\"wp-page\" data-elementor-id=\"4627\" class=\"elementor elementor-4627 elementor-1882\" data-elementor-post-type=\"page\">\n\t\t\t\t\t\t<section class=\"elementor-section elementor-top-section elementor-element elementor-element-5e1a9d0c elementor-section-height-min-height elementor-section-boxed elementor-section-height-default elementor-section-items-middle\" data-id=\"5e1a9d0c\" data-element_type=\"section\" data-e-type=\"section\" id=\"cabecera\" data-settings=\"{&quot;background_background&quot;:&quot;classic&quot;}\">\n\t\t\t\t\t\t<div class=\"elementor-container elementor-column-gap-default\">\n\t\t\t\t\t<div class=\"elementor-column elementor-col-100 elementor-top-column elementor-element elementor-element-64115635\" data-id=\"64115635\" data-element_type=\"column\" data-e-type=\"column\">\n\t\t\t<div class=\"elementor-widget-wrap elementor-element-populated\">\n\t\t\t\t\t\t<div class=\"elementor-element elementor-element-7f727fea elementor-widget elementor-widget-text-editor\" data-id=\"7f727fea\" data-element_type=\"widget\" data-e-type=\"widget\" data-widget_type=\"text-editor.default\">\n\t\t\t\t<div class=\"elementor-widget-container\">\n\t\t\t\t\t\t\t\t\t<p>Sistemes de Videoconfer\u00e8ncia<\/p>\n\t\t\t\t\t\t\t\t<\/div>\n\t\t\t\t<\/div>\n\t\t\t\t<div class=\"elementor-element elementor-element-5f8283de elementor-widget elementor-widget-shortcode\" data-id=\"5f8283de\" data-element_type=\"widget\" data-e-type=\"widget\" data-widget_type=\"shortcode.default\">\n\t\t\t\t<div class=\"elementor-widget-container\">\n\t\t\t\t\t\t\t<div class=\"elementor-shortcode\"><nav aria-label=\"breadcrumbs\" class=\"rank-math-breadcrumb\"><p><span class=\"last\">Inici<\/span><\/p><\/nav><\/div>\n\t\t\t\t\t\t<\/div>\n\t\t\t\t<\/div>\n\t\t\t\t\t<\/div>\n\t\t<\/div>\n\t\t\t\t\t<\/div>\n\t\t<\/section>\n\t\t\t\t<section class=\"elementor-section elementor-top-section elementor-element elementor-element-1975fadf elementor-section-full_width elementor-section-content-middle elementor-section-height-min-height elementor-reverse-mobile elementor-section-height-default elementor-section-items-middle\" data-id=\"1975fadf\" data-element_type=\"section\" data-e-type=\"section\" id=\"pizarra0\">\n\t\t\t\t\t\t<div class=\"elementor-container elementor-column-gap-default\">\n\t\t\t\t\t<div class=\"elementor-column elementor-col-50 elementor-top-column elementor-element elementor-element-787da961 animated-slow elementor-invisible\" data-id=\"787da961\" data-element_type=\"column\" data-e-type=\"column\" data-settings=\"{&quot;animation&quot;:&quot;fadeInUp&quot;,&quot;animation_delay&quot;:10}\">\n\t\t\t<div class=\"elementor-widget-wrap elementor-element-populated\">\n\t\t\t\t\t\t<div class=\"elementor-element elementor-element-d36b14 elementor-widget elementor-widget-text-editor\" data-id=\"d36b14\" data-element_type=\"widget\" data-e-type=\"widget\" data-widget_type=\"text-editor.default\">\n\t\t\t\t<div class=\"elementor-widget-container\">\n\t\t\t\t\t\t\t\t\t<h1>Sistemes de Videoconfer\u00e8ncia per a Empreses<\/h1>\n\t\t\t\t\t\t\t\t<\/div>\n\t\t\t\t<\/div>\n\t\t\t\t<div class=\"elementor-element elementor-element-13a3987 elementor-widget elementor-widget-text-editor\" data-id=\"13a3987\" data-element_type=\"widget\" data-e-type=\"widget\" data-widget_type=\"text-editor.default\">\n\t\t\t\t<div class=\"elementor-widget-container\">\n\t\t\t\t\t\t\t\t\t<p>El treball modern es basa en la col\u00b7laboraci\u00f3. Les <strong>solucions avan\u00e7ades de videoconfer\u00e8ncia de Logitech<\/strong> permeten als teus equips parlar, compartir arxius i pantalles i mostrar idees a <a href=\"https:\/\/guivernauequips.com\/ca\/pissarra-digital-interactiva\/\">pissarres digitals interactives.<\/a><\/p>\n<p> <strong>Fes que les teves reunions siguin perfectes, productives i eficients.<\/strong><\/p>\n<p>Amb les nostres solucions completes per realitzar videotrucades individuals o grupals, <strong>eliminem les dist\u00e0ncies entre delegacions<\/strong>, prove\u00efdors i clients. <strong>Evitem costos<\/strong> en despla\u00e7aments i una gran quantitat d&#8217;hores improductives de tot l&#8217;equip.<\/p>\n<p>Els sistemes de videoconfer\u00e8ncia Logitech funcionen a la perfecci\u00f3 amb totes les plataformes existents en el mercat: <strong>Microsoft Teams, Zoom, Google meet<\/strong>, etc.<\/p>\n<p>A m\u00e9s, pots gravar les teves videoconfer\u00e8ncies com a reunions internes per revisar tot all\u00f2 exposat i treure el m\u00e0xim profit de cada sessi\u00f3.<\/p>\n\t\t\t\t\t\t\t\t<\/div>\n\t\t\t\t<\/div>\n\t\t\t\t<div class=\"elementor-element elementor-element-24e4a0e elementor-widget elementor-widget-spacer\" data-id=\"24e4a0e\" data-element_type=\"widget\" data-e-type=\"widget\" data-widget_type=\"spacer.default\">\n\t\t\t\t<div class=\"elementor-widget-container\">\n\t\t\t\t\t\t\t<div class=\"elementor-spacer\">\n\t\t\t<div class=\"elementor-spacer-inner\"><\/div>\n\t\t<\/div>\n\t\t\t\t\t\t<\/div>\n\t\t\t\t<\/div>\n\t\t\t\t\t<\/div>\n\t\t<\/div>\n\t\t\t\t<div class=\"elementor-column elementor-col-50 elementor-top-column elementor-element elementor-element-178d67a0 animated-slow\" data-id=\"178d67a0\" data-element_type=\"column\" data-e-type=\"column\" data-settings=\"{&quot;background_background&quot;:&quot;classic&quot;,&quot;animation&quot;:&quot;none&quot;}\">\n\t\t\t<div class=\"elementor-widget-wrap elementor-element-populated\">\n\t\t\t\t\t\t<div class=\"elementor-element elementor-element-72aa0862 animated-slow elementor-invisible elementor-widget elementor-widget-image\" data-id=\"72aa0862\" data-element_type=\"widget\" data-e-type=\"widget\" data-settings=\"{&quot;motion_fx_motion_fx_scrolling&quot;:&quot;yes&quot;,&quot;motion_fx_translateY_effect&quot;:&quot;yes&quot;,&quot;motion_fx_translateY_speed&quot;:{&quot;unit&quot;:&quot;px&quot;,&quot;size&quot;:7,&quot;sizes&quot;:[]},&quot;motion_fx_translateY_affectedRange&quot;:{&quot;unit&quot;:&quot;%&quot;,&quot;size&quot;:&quot;&quot;,&quot;sizes&quot;:{&quot;start&quot;:10,&quot;end&quot;:100}},&quot;_animation&quot;:&quot;fadeInRight&quot;,&quot;_animation_delay&quot;:3,&quot;motion_fx_devices&quot;:[&quot;desktop&quot;,&quot;tablet&quot;,&quot;mobile&quot;]}\" data-widget_type=\"image.default\">\n\t\t\t\t<div class=\"elementor-widget-container\">\n\t\t\t\t\t\t\t\t\t\t\t\t\t\t\t<img fetchpriority=\"high\" decoding=\"async\" width=\"1083\" height=\"883\" src=\"https:\/\/guivernauequips.com\/wp-content\/uploads\/2021\/04\/sistema-videoconferencia-empresa.jpg\" class=\"attachment-full size-full wp-image-4497\" alt=\"\" srcset=\"https:\/\/guivernauequips.com\/wp-content\/uploads\/2021\/04\/sistema-videoconferencia-empresa.jpg 1083w, https:\/\/guivernauequips.com\/wp-content\/uploads\/2021\/04\/sistema-videoconferencia-empresa-300x245.jpg 300w, https:\/\/guivernauequips.com\/wp-content\/uploads\/2021\/04\/sistema-videoconferencia-empresa-1024x835.jpg 1024w, https:\/\/guivernauequips.com\/wp-content\/uploads\/2021\/04\/sistema-videoconferencia-empresa-768x626.jpg 768w\" sizes=\"(max-width: 1083px) 100vw, 1083px\" \/>\t\t\t\t\t\t\t\t\t\t\t\t\t\t\t<\/div>\n\t\t\t\t<\/div>\n\t\t\t\t\t<\/div>\n\t\t<\/div>\n\t\t\t\t\t<\/div>\n\t\t<\/section>\n\t\t\t\t<section class=\"elementor-section elementor-top-section elementor-element elementor-element-da1b1c0 elementor-section-full_width elementor-section-content-middle elementor-reverse-tablet elementor-section-height-default elementor-section-height-default\" data-id=\"da1b1c0\" data-element_type=\"section\" data-e-type=\"section\" id=\"pizarra1\">\n\t\t\t\t\t\t<div class=\"elementor-container elementor-column-gap-default\">\n\t\t\t\t\t<div class=\"elementor-column elementor-col-50 elementor-top-column elementor-element elementor-element-42f8c11 col1\" data-id=\"42f8c11\" data-element_type=\"column\" data-e-type=\"column\">\n\t\t\t<div class=\"elementor-widget-wrap elementor-element-populated\">\n\t\t\t\t\t\t<div class=\"elementor-element elementor-element-4d1fc48 elementor-invisible elementor-widget elementor-widget-image\" data-id=\"4d1fc48\" data-element_type=\"widget\" data-e-type=\"widget\" data-settings=\"{&quot;motion_fx_motion_fx_scrolling&quot;:&quot;yes&quot;,&quot;motion_fx_translateY_effect&quot;:&quot;yes&quot;,&quot;motion_fx_translateY_speed&quot;:{&quot;unit&quot;:&quot;px&quot;,&quot;size&quot;:7,&quot;sizes&quot;:[]},&quot;motion_fx_translateY_affectedRange&quot;:{&quot;unit&quot;:&quot;%&quot;,&quot;size&quot;:&quot;&quot;,&quot;sizes&quot;:{&quot;start&quot;:10,&quot;end&quot;:100}},&quot;_animation&quot;:&quot;fadeInLeft&quot;,&quot;motion_fx_devices&quot;:[&quot;desktop&quot;,&quot;tablet&quot;,&quot;mobile&quot;]}\" data-widget_type=\"image.default\">\n\t\t\t\t<div class=\"elementor-widget-container\">\n\t\t\t\t\t\t\t\t\t\t\t\t\t\t\t<img decoding=\"async\" width=\"1083\" height=\"883\" src=\"https:\/\/guivernauequips.com\/wp-content\/uploads\/2021\/04\/sistema-videoconferencia-logitech-para-empresa.jpg\" class=\"attachment-full size-full wp-image-4499\" alt=\"\" srcset=\"https:\/\/guivernauequips.com\/wp-content\/uploads\/2021\/04\/sistema-videoconferencia-logitech-para-empresa.jpg 1083w, https:\/\/guivernauequips.com\/wp-content\/uploads\/2021\/04\/sistema-videoconferencia-logitech-para-empresa-300x245.jpg 300w, https:\/\/guivernauequips.com\/wp-content\/uploads\/2021\/04\/sistema-videoconferencia-logitech-para-empresa-1024x835.jpg 1024w, https:\/\/guivernauequips.com\/wp-content\/uploads\/2021\/04\/sistema-videoconferencia-logitech-para-empresa-768x626.jpg 768w\" sizes=\"(max-width: 1083px) 100vw, 1083px\" \/>\t\t\t\t\t\t\t\t\t\t\t\t\t\t\t<\/div>\n\t\t\t\t<\/div>\n\t\t\t\t\t<\/div>\n\t\t<\/div>\n\t\t\t\t<div class=\"elementor-column elementor-col-50 elementor-top-column elementor-element elementor-element-1563eb1 col2 elementor-invisible\" data-id=\"1563eb1\" data-element_type=\"column\" data-e-type=\"column\" data-settings=\"{&quot;animation&quot;:&quot;fadeInRight&quot;}\">\n\t\t\t<div class=\"elementor-widget-wrap elementor-element-populated\">\n\t\t\t\t\t\t<div class=\"elementor-element elementor-element-38368b4 elementor-widget elementor-widget-text-editor\" data-id=\"38368b4\" data-element_type=\"widget\" data-e-type=\"widget\" data-widget_type=\"text-editor.default\">\n\t\t\t\t<div class=\"elementor-widget-container\">\n\t\t\t\t\t\t\t\t\t<h2>Equips de videoconfer\u00e8ncia professionals<\/h2>\n\t\t\t\t\t\t\t\t<\/div>\n\t\t\t\t<\/div>\n\t\t\t\t<div class=\"elementor-element elementor-element-4478d93 elementor-widget elementor-widget-text-editor\" data-id=\"4478d93\" data-element_type=\"widget\" data-e-type=\"widget\" data-widget_type=\"text-editor.default\">\n\t\t\t\t<div class=\"elementor-widget-container\">\n\t\t\t\t\t\t\t\t\t<p><strong><a href=\"https:\/\/www.logitech.com\/es-es\/product\/conferencecam-group\" target=\"_blank\" rel=\"noopener\">Logitech<\/a><\/strong> t\u00e9 una \u00e0mplia varietat en aquest tipus de solucions i un portfoli molt ampli de productes que s&#8217;adapten a totes les necessitats tecnol\u00f2giques i les capacitats d&#8217;inversi\u00f3.<\/p>\n<p>Els <strong>sistemes de videoconfer\u00e8ncia<\/strong> desenvolupats per Logitech destaquen en qualitat en aspectes d&#8217;imatge i so com l&#8217;ajust autom\u00e0tic de la llum, l&#8217;enquadrament autom\u00e0tic d&#8217;assistents i ponent, posicions prefixades o eliminaci\u00f3 de sorolls i interfer\u00e8ncies etc. Aix\u00f2 les ha convertit en el millor aliat perqu\u00e8 la videoconfer\u00e8ncia sigui un \u00e8xit rotund, sense preparaci\u00f3 pr\u00e8via ni configuracions complexes.<\/p>\n<p><strong>Arribar, encendre i compartir. Aix\u00ed de senzill.<\/strong><\/p>\n\t\t\t\t\t\t\t\t<\/div>\n\t\t\t\t<\/div>\n\t\t\t\t<div class=\"elementor-element elementor-element-42d1eef elementor-widget elementor-widget-spacer\" data-id=\"42d1eef\" data-element_type=\"widget\" data-e-type=\"widget\" data-widget_type=\"spacer.default\">\n\t\t\t\t<div class=\"elementor-widget-container\">\n\t\t\t\t\t\t\t<div class=\"elementor-spacer\">\n\t\t\t<div class=\"elementor-spacer-inner\"><\/div>\n\t\t<\/div>\n\t\t\t\t\t\t<\/div>\n\t\t\t\t<\/div>\n\t\t\t\t<div class=\"elementor-element elementor-element-952115e elementor-align-left elementor-widget elementor-widget-button\" data-id=\"952115e\" data-element_type=\"widget\" data-e-type=\"widget\" data-widget_type=\"button.default\">\n\t\t\t\t<div class=\"elementor-widget-container\">\n\t\t\t\t\t\t\t\t\t<div class=\"elementor-button-wrapper\">\n\t\t\t\t\t<a class=\"elementor-button elementor-button-link elementor-size-sm\" href=\"#elementor-action%3Aaction%3Dpopup%3Aopen%26settings%3DeyJpZCI6NjI1OCwidG9nZ2xlIjpmYWxzZX0%3D\">\n\t\t\t\t\t\t<span class=\"elementor-button-content-wrapper\">\n\t\t\t\t\t\t\t\t\t<span class=\"elementor-button-text\">Vull un sistema de videoconfer\u00e8ncia!<\/span>\n\t\t\t\t\t<\/span>\n\t\t\t\t\t<\/a>\n\t\t\t\t<\/div>\n\t\t\t\t\t\t\t\t<\/div>\n\t\t\t\t<\/div>\n\t\t\t\t\t<\/div>\n\t\t<\/div>\n\t\t\t\t\t<\/div>\n\t\t<\/section>\n\t\t\t\t<section class=\"elementor-section elementor-top-section elementor-element elementor-element-4c0f8493 animated-slow elementor-section-boxed elementor-section-height-default elementor-section-height-default elementor-invisible\" data-id=\"4c0f8493\" data-element_type=\"section\" data-e-type=\"section\" id=\"ctarenting\" data-settings=\"{&quot;background_background&quot;:&quot;gradient&quot;,&quot;animation&quot;:&quot;fadeInUp&quot;}\">\n\t\t\t\t\t\t<div class=\"elementor-container elementor-column-gap-default\">\n\t\t\t\t\t<div class=\"elementor-column elementor-col-100 elementor-top-column elementor-element elementor-element-3eacd31d\" data-id=\"3eacd31d\" data-element_type=\"column\" data-e-type=\"column\">\n\t\t\t<div class=\"elementor-widget-wrap elementor-element-populated\">\n\t\t\t\t\t\t<div class=\"elementor-element elementor-element-751d80d8 elementor-widget elementor-widget-text-editor\" data-id=\"751d80d8\" data-element_type=\"widget\" data-e-type=\"widget\" data-widget_type=\"text-editor.default\">\n\t\t\t\t<div class=\"elementor-widget-container\">\n\t\t\t\t\t\t\t\t\t<h5>Vull un sistema de videoconfr\u00e8ncia professional per a la meva empresa!<\/h5>\n\t\t\t\t\t\t\t\t<\/div>\n\t\t\t\t<\/div>\n\t\t\t\t<div class=\"elementor-element elementor-element-618f67c elementor-align-center elementor-widget elementor-widget-button\" data-id=\"618f67c\" data-element_type=\"widget\" data-e-type=\"widget\" data-widget_type=\"button.default\">\n\t\t\t\t<div class=\"elementor-widget-container\">\n\t\t\t\t\t\t\t\t\t<div class=\"elementor-button-wrapper\">\n\t\t\t\t\t<a class=\"elementor-button elementor-button-link elementor-size-sm\" href=\"#elementor-action%3Aaction%3Dpopup%3Aopen%26settings%3DeyJpZCI6NjI1OCwidG9nZ2xlIjpmYWxzZX0%3D\">\n\t\t\t\t\t\t<span class=\"elementor-button-content-wrapper\">\n\t\t\t\t\t\t\t\t\t<span class=\"elementor-button-text\">Sol\u00b7licitar oferta personalitzada<\/span>\n\t\t\t\t\t<\/span>\n\t\t\t\t\t<\/a>\n\t\t\t\t<\/div>\n\t\t\t\t\t\t\t\t<\/div>\n\t\t\t\t<\/div>\n\t\t\t\t\t<\/div>\n\t\t<\/div>\n\t\t\t\t\t<\/div>\n\t\t<\/section>\n\t\t\t\t<section class=\"elementor-section elementor-top-section elementor-element elementor-element-b2b59ca elementor-section-full_width elementor-section-content-middle elementor-section-height-default elementor-section-height-default\" data-id=\"b2b59ca\" data-element_type=\"section\" data-e-type=\"section\" id=\"pizarra2\">\n\t\t\t\t\t\t<div class=\"elementor-container elementor-column-gap-default\">\n\t\t\t\t\t<div class=\"elementor-column elementor-col-50 elementor-top-column elementor-element elementor-element-f2de3d7 col1 elementor-invisible\" data-id=\"f2de3d7\" data-element_type=\"column\" data-e-type=\"column\" data-settings=\"{&quot;animation&quot;:&quot;fadeInRight&quot;}\">\n\t\t\t<div class=\"elementor-widget-wrap elementor-element-populated\">\n\t\t\t\t\t\t<div class=\"elementor-element elementor-element-a9635e5 elementor-widget elementor-widget-text-editor\" data-id=\"a9635e5\" data-element_type=\"widget\" data-e-type=\"widget\" data-widget_type=\"text-editor.default\">\n\t\t\t\t<div class=\"elementor-widget-container\">\n\t\t\t\t\t\t\t\t\t<h2>Solucions adaptades a les teves necessitats<\/h2>\n\t\t\t\t\t\t\t\t<\/div>\n\t\t\t\t<\/div>\n\t\t\t\t<div class=\"elementor-element elementor-element-eaf5616 elementor-widget elementor-widget-text-editor\" data-id=\"eaf5616\" data-element_type=\"widget\" data-e-type=\"widget\" data-widget_type=\"text-editor.default\">\n\t\t\t\t<div class=\"elementor-widget-container\">\n\t\t\t\t\t\t\t\t\t<p><strong>Darrera d&#8217;un estudi professional dels espais<\/strong> i les necessitats de cada cas, el nostre equip t&#8217;ajudar\u00e0 a triar la c\u00e0mera m\u00e9s adequada per a la teva companyia, aix\u00ed com la seva ubicaci\u00f3 i integraci\u00f3 amb la decoraci\u00f3 de la sala.<\/p>\n<p>Al mateix estudi, analitzarem la part relacionada amb la captaci\u00f3 de so aix\u00ed com la seva reproducci\u00f3. Fes que el teu missatge arribi al teu interlocutor amb contund\u00e8ncia i claredat.<\/p>\n<p>Un cop identificat el tipus de sala (petita, mitjana o gran) <strong>us acompanyarem en tot el proc\u00e9s d&#8217;instal\u00b7laci\u00f3, integraci\u00f3 i formaci\u00f3<\/strong> del vostre equip perqu\u00e8 cada euro invertit tingui un retorn immediat.<\/p>\n\t\t\t\t\t\t\t\t<\/div>\n\t\t\t\t<\/div>\n\t\t\t\t<div class=\"elementor-element elementor-element-022a79c elementor-widget elementor-widget-spacer\" data-id=\"022a79c\" data-element_type=\"widget\" data-e-type=\"widget\" data-widget_type=\"spacer.default\">\n\t\t\t\t<div class=\"elementor-widget-container\">\n\t\t\t\t\t\t\t<div class=\"elementor-spacer\">\n\t\t\t<div class=\"elementor-spacer-inner\"><\/div>\n\t\t<\/div>\n\t\t\t\t\t\t<\/div>\n\t\t\t\t<\/div>\n\t\t\t\t<section class=\"elementor-section elementor-inner-section elementor-element elementor-element-4be3500 elementor-section-boxed elementor-section-height-default elementor-section-height-default\" data-id=\"4be3500\" data-element_type=\"section\" data-e-type=\"section\">\n\t\t\t\t\t\t<div class=\"elementor-container elementor-column-gap-default\">\n\t\t\t\t\t<div class=\"elementor-column elementor-col-100 elementor-inner-column elementor-element elementor-element-972bec4\" data-id=\"972bec4\" data-element_type=\"column\" data-e-type=\"column\">\n\t\t\t<div class=\"elementor-widget-wrap elementor-element-populated\">\n\t\t\t\t\t\t<div class=\"elementor-element elementor-element-7271d27 elementor-widget elementor-widget-text-editor\" data-id=\"7271d27\" data-element_type=\"widget\" data-e-type=\"widget\" data-widget_type=\"text-editor.default\">\n\t\t\t\t<div class=\"elementor-widget-container\">\n\t\t\t\t\t\t\t\t\t<h3><a class=\"botonborde\" href=\"https:\/\/guivernauequips.com\/ca\/contacte\/\">Sol\u00b7licitar estudi professional<\/a><\/h3>\n\t\t\t\t\t\t\t\t<\/div>\n\t\t\t\t<\/div>\n\t\t\t\t\t<\/div>\n\t\t<\/div>\n\t\t\t\t\t<\/div>\n\t\t<\/section>\n\t\t\t\t\t<\/div>\n\t\t<\/div>\n\t\t\t\t<div class=\"elementor-column elementor-col-50 elementor-top-column elementor-element elementor-element-381b4ae col2\" data-id=\"381b4ae\" data-element_type=\"column\" data-e-type=\"column\">\n\t\t\t<div class=\"elementor-widget-wrap elementor-element-populated\">\n\t\t\t\t\t\t<div class=\"elementor-element elementor-element-740351f elementor-invisible elementor-widget elementor-widget-image\" data-id=\"740351f\" data-element_type=\"widget\" data-e-type=\"widget\" data-settings=\"{&quot;motion_fx_motion_fx_scrolling&quot;:&quot;yes&quot;,&quot;motion_fx_translateY_effect&quot;:&quot;yes&quot;,&quot;motion_fx_translateY_speed&quot;:{&quot;unit&quot;:&quot;px&quot;,&quot;size&quot;:7,&quot;sizes&quot;:[]},&quot;motion_fx_translateY_affectedRange&quot;:{&quot;unit&quot;:&quot;%&quot;,&quot;size&quot;:&quot;&quot;,&quot;sizes&quot;:{&quot;start&quot;:20,&quot;end&quot;:100}},&quot;_animation&quot;:&quot;fadeInLeft&quot;,&quot;motion_fx_devices&quot;:[&quot;desktop&quot;,&quot;tablet&quot;,&quot;mobile&quot;]}\" data-widget_type=\"image.default\">\n\t\t\t\t<div class=\"elementor-widget-container\">\n\t\t\t\t\t\t\t\t\t\t\t\t\t\t\t<img decoding=\"async\" width=\"1083\" height=\"883\" src=\"https:\/\/guivernauequips.com\/wp-content\/uploads\/2021\/04\/sistema-videoconferencia-para-empresas.jpg\" class=\"attachment-full size-full wp-image-4500\" alt=\"\" srcset=\"https:\/\/guivernauequips.com\/wp-content\/uploads\/2021\/04\/sistema-videoconferencia-para-empresas.jpg 1083w, https:\/\/guivernauequips.com\/wp-content\/uploads\/2021\/04\/sistema-videoconferencia-para-empresas-300x245.jpg 300w, https:\/\/guivernauequips.com\/wp-content\/uploads\/2021\/04\/sistema-videoconferencia-para-empresas-1024x835.jpg 1024w, https:\/\/guivernauequips.com\/wp-content\/uploads\/2021\/04\/sistema-videoconferencia-para-empresas-768x626.jpg 768w\" sizes=\"(max-width: 1083px) 100vw, 1083px\" \/>\t\t\t\t\t\t\t\t\t\t\t\t\t\t\t<\/div>\n\t\t\t\t<\/div>\n\t\t\t\t\t<\/div>\n\t\t<\/div>\n\t\t\t\t\t<\/div>\n\t\t<\/section>\n\t\t\t\t<\/div>\n\t\t","protected":false},"excerpt":{"rendered":"<p>Sistemes de Videoconfer\u00e8ncia Sistemes de Videoconfer\u00e8ncia per a Empreses El treball modern es basa en la col\u00b7laboraci\u00f3. Les solucions avan\u00e7ades de videoconfer\u00e8ncia de Logitech permeten als teus equips parlar, compartir arxius i pantalles i mostrar idees a pissarres digitals interactives. Fes que les teves reunions siguin perfectes, productives i eficients. Amb les nostres solucions completes &#8230; <a title=\"Sistemes de Videoconfer\u00e8ncia per a Empreses\" class=\"read-more\" href=\"https:\/\/guivernauequips.com\/ca\/sistemes-videoconferencia-empreses\/\" aria-label=\"M\u00e9s informaci\u00f3 sobre Sistemes de Videoconfer\u00e8ncia per a Empreses\">Llegiu m\u00e9s<\/a><\/p>\n","protected":false},"author":1,"featured_media":0,"parent":0,"menu_order":0,"comment_status":"closed","ping_status":"closed","template":"","meta":{"footnotes":""},"class_list":["post-4627","page","type-page","status-publish"],"_links":{"self":[{"href":"https:\/\/guivernauequips.com\/ca\/wp-json\/wp\/v2\/pages\/4627","targetHints":{"allow":["GET"]}}],"collection":[{"href":"https:\/\/guivernauequips.com\/ca\/wp-json\/wp\/v2\/pages"}],"about":[{"href":"https:\/\/guivernauequips.com\/ca\/wp-json\/wp\/v2\/types\/page"}],"author":[{"embeddable":true,"href":"https:\/\/guivernauequips.com\/ca\/wp-json\/wp\/v2\/users\/1"}],"replies":[{"embeddable":true,"href":"https:\/\/guivernauequips.com\/ca\/wp-json\/wp\/v2\/comments?post=4627"}],"version-history":[{"count":26,"href":"https:\/\/guivernauequips.com\/ca\/wp-json\/wp\/v2\/pages\/4627\/revisions"}],"predecessor-version":[{"id":6561,"href":"https:\/\/guivernauequips.com\/ca\/wp-json\/wp\/v2\/pages\/4627\/revisions\/6561"}],"wp:attachment":[{"href":"https:\/\/guivernauequips.com\/ca\/wp-json\/wp\/v2\/media?parent=4627"}],"curies":[{"name":"wp","href":"https:\/\/api.w.org\/{rel}","templated":true}]}}