{"id":4536,"date":"2021-05-14T07:21:20","date_gmt":"2021-05-14T07:21:20","guid":{"rendered":"https:\/\/guivernauequips.com\/sobre-nosaltres\/"},"modified":"2026-03-24T14:19:36","modified_gmt":"2026-03-24T14:19:36","slug":"sobre-nosaltres","status":"publish","type":"page","link":"https:\/\/guivernauequips.com\/ca\/sobre-nosaltres\/","title":{"rendered":"Sobre nosaltres"},"content":{"rendered":"\t\t<div data-elementor-type=\"wp-page\" data-elementor-id=\"4536\" class=\"elementor elementor-4536 elementor-2100\" data-elementor-post-type=\"page\">\n\t\t\t\t\t\t<section class=\"elementor-section elementor-top-section elementor-element elementor-element-340222d elementor-section-height-min-height elementor-section-boxed elementor-section-height-default elementor-section-items-middle\" data-id=\"340222d\" data-element_type=\"section\" data-e-type=\"section\" id=\"cabecera\" data-settings=\"{&quot;background_background&quot;:&quot;classic&quot;}\">\n\t\t\t\t\t\t<div class=\"elementor-container elementor-column-gap-default\">\n\t\t\t\t\t<div class=\"elementor-column elementor-col-100 elementor-top-column elementor-element elementor-element-86f68fa\" data-id=\"86f68fa\" data-element_type=\"column\" data-e-type=\"column\">\n\t\t\t<div class=\"elementor-widget-wrap elementor-element-populated\">\n\t\t\t\t\t\t<div class=\"elementor-element elementor-element-c646ba1 elementor-widget elementor-widget-text-editor\" data-id=\"c646ba1\" data-element_type=\"widget\" data-e-type=\"widget\" data-widget_type=\"text-editor.default\">\n\t\t\t\t<div class=\"elementor-widget-container\">\n\t\t\t\t\t\t\t\t\t<p>Sobre nosaltres<\/p>\t\t\t\t\t\t\t\t<\/div>\n\t\t\t\t<\/div>\n\t\t\t\t<div class=\"elementor-element elementor-element-d5c7565 elementor-widget elementor-widget-shortcode\" data-id=\"d5c7565\" data-element_type=\"widget\" data-e-type=\"widget\" data-widget_type=\"shortcode.default\">\n\t\t\t\t<div class=\"elementor-widget-container\">\n\t\t\t\t\t\t\t<div class=\"elementor-shortcode\"><nav aria-label=\"breadcrumbs\" class=\"rank-math-breadcrumb\"><p><span class=\"last\">Inici<\/span><\/p><\/nav><\/div>\n\t\t\t\t\t\t<\/div>\n\t\t\t\t<\/div>\n\t\t\t\t\t<\/div>\n\t\t<\/div>\n\t\t\t\t\t<\/div>\n\t\t<\/section>\n\t\t\t\t<section class=\"elementor-section elementor-top-section elementor-element elementor-element-2013af43 elementor-section-full_width elementor-section-content-middle elementor-reverse-tablet elementor-reverse-mobile elementor-section-height-default elementor-section-height-default\" data-id=\"2013af43\" data-element_type=\"section\" data-e-type=\"section\" id=\"nosotros0\">\n\t\t\t\t\t\t<div class=\"elementor-container elementor-column-gap-default\">\n\t\t\t\t\t<div class=\"elementor-column elementor-col-50 elementor-top-column elementor-element elementor-element-6c6069e0 col1 animated-slow elementor-invisible\" data-id=\"6c6069e0\" data-element_type=\"column\" data-e-type=\"column\" data-settings=\"{&quot;animation&quot;:&quot;fadeInUp&quot;,&quot;animation_delay&quot;:10,&quot;background_background&quot;:&quot;classic&quot;}\">\n\t\t\t<div class=\"elementor-widget-wrap elementor-element-populated\">\n\t\t\t\t\t<div class=\"elementor-background-overlay\"><\/div>\n\t\t\t\t\t\t<div class=\"elementor-element elementor-element-5f088fc elementor-widget elementor-widget-text-editor\" data-id=\"5f088fc\" data-element_type=\"widget\" data-e-type=\"widget\" data-widget_type=\"text-editor.default\">\n\t\t\t\t<div class=\"elementor-widget-container\">\n\t\t\t\t\t\t\t\t\t<h1>Guivernau <span class=\"\">Equips d&#8217;oficina<\/span><\/h1><h2>50 anys d&#8217;experi\u00e8ncia en l&#8217;assessoria i projectes integrals de digitalitzaci\u00f3<\/h2>\t\t\t\t\t\t\t\t<\/div>\n\t\t\t\t<\/div>\n\t\t\t\t<div class=\"elementor-element elementor-element-e53a149 elementor-widget elementor-widget-text-editor\" data-id=\"e53a149\" data-element_type=\"widget\" data-e-type=\"widget\" data-widget_type=\"text-editor.default\">\n\t\t\t\t<div class=\"elementor-widget-container\">\n\t\t\t\t\t\t\t\t\t<p>Des de 1970, Guivernau hem crescut i evolucionat amb els <strong>canvis i aven\u00e7os digitals<\/strong> dels \u00faltims 50 anys. Aquesta dilatada experi\u00e8ncia, juntament amb la varietat de productes de qu\u00e8 disposem, ens permet posar a la teva disposici\u00f3 una<strong>\u00e0mplia oferta de les solucions m\u00e9s actualitzades<\/strong> a <a href=\"https:\/\/guivernauequips.com\/ca\/pissarra-digital-interactiva\/\">pissarres digitals interactives, <\/a>&nbsp;<a href=\"https:\/\/guivernauequips.com\/ca\/sistemes-videoconferencia-empreses\/\">sistemes de videoconfer\u00e8ncia<\/a> i altres elements de digitalitzaci\u00f3 per a negocis.<\/p>\n<p>Realitzarem una &nbsp;assessoria personalitzada per <strong>oferir-te el pla d&#8217;impressi\u00f3 que millor s&#8217;adapti a les teves necessitats<\/strong> ia les del teu negoci, a m\u00e9s d&#8217;un servei d&#8217;<a href=\"https:\/\/guivernauequips.com\/ca\/servei-tecnic-oficial-impressores\/\">assist\u00e8ncia t\u00e8cnica<\/a>, i posarem a la teva disposici\u00f3 equips de Konica Minolta.<\/p>\t\t\t\t\t\t\t\t<\/div>\n\t\t\t\t<\/div>\n\t\t\t\t\t<\/div>\n\t\t<\/div>\n\t\t\t\t<div class=\"elementor-column elementor-col-50 elementor-top-column elementor-element elementor-element-5189b859 animated-slow elementor-invisible\" data-id=\"5189b859\" data-element_type=\"column\" data-e-type=\"column\" data-settings=\"{&quot;background_background&quot;:&quot;classic&quot;,&quot;animation&quot;:&quot;fadeInRight&quot;,&quot;motion_fx_translateY_effect&quot;:&quot;yes&quot;,&quot;motion_fx_translateY_speed&quot;:{&quot;unit&quot;:&quot;px&quot;,&quot;size&quot;:8,&quot;sizes&quot;:[]},&quot;animation_delay&quot;:3,&quot;motion_fx_motion_fx_scrolling&quot;:&quot;yes&quot;,&quot;motion_fx_translateY_affectedRange&quot;:{&quot;unit&quot;:&quot;%&quot;,&quot;size&quot;:&quot;&quot;,&quot;sizes&quot;:{&quot;start&quot;:47,&quot;end&quot;:100}},&quot;motion_fx_devices&quot;:[&quot;desktop&quot;,&quot;tablet&quot;,&quot;mobile&quot;]}\">\n\t\t\t<div class=\"elementor-widget-wrap elementor-element-populated\">\n\t\t\t\t\t\t<div class=\"elementor-element elementor-element-8bcaec2 elementor-widget elementor-widget-image\" data-id=\"8bcaec2\" data-element_type=\"widget\" data-e-type=\"widget\" data-widget_type=\"image.default\">\n\t\t\t\t<div class=\"elementor-widget-container\">\n\t\t\t\t\t\t\t\t\t\t\t\t\t\t\t<img fetchpriority=\"high\" decoding=\"async\" width=\"1083\" height=\"883\" src=\"https:\/\/guivernauequips.com\/wp-content\/uploads\/2021\/04\/guivernau-equips-oficina.jpg\" class=\"attachment-full size-full wp-image-4475\" alt=\"guivernau-equips-oficina\" srcset=\"https:\/\/guivernauequips.com\/wp-content\/uploads\/2021\/04\/guivernau-equips-oficina.jpg 1083w, https:\/\/guivernauequips.com\/wp-content\/uploads\/2021\/04\/guivernau-equips-oficina-300x245.jpg 300w, https:\/\/guivernauequips.com\/wp-content\/uploads\/2021\/04\/guivernau-equips-oficina-1024x835.jpg 1024w, https:\/\/guivernauequips.com\/wp-content\/uploads\/2021\/04\/guivernau-equips-oficina-768x626.jpg 768w\" sizes=\"(max-width: 1083px) 100vw, 1083px\" \/>\t\t\t\t\t\t\t\t\t\t\t\t\t\t\t<\/div>\n\t\t\t\t<\/div>\n\t\t\t\t\t<\/div>\n\t\t<\/div>\n\t\t\t\t\t<\/div>\n\t\t<\/section>\n\t\t\t\t<section class=\"elementor-section elementor-top-section elementor-element elementor-element-8a1cc26 elementor-section-full_width elementor-section-content-middle elementor-section-height-default elementor-section-height-default\" data-id=\"8a1cc26\" data-element_type=\"section\" data-e-type=\"section\" id=\"nosotros1\">\n\t\t\t\t\t\t<div class=\"elementor-container elementor-column-gap-default\">\n\t\t\t\t\t<div class=\"elementor-column elementor-col-50 elementor-top-column elementor-element elementor-element-ef12b00 animated-slow elementor-invisible\" data-id=\"ef12b00\" data-element_type=\"column\" data-e-type=\"column\" data-settings=\"{&quot;background_background&quot;:&quot;classic&quot;,&quot;animation&quot;:&quot;fadeInRight&quot;,&quot;motion_fx_motion_fx_scrolling&quot;:&quot;yes&quot;,&quot;motion_fx_translateY_speed&quot;:{&quot;unit&quot;:&quot;px&quot;,&quot;size&quot;:8,&quot;sizes&quot;:[]},&quot;animation_delay&quot;:3,&quot;motion_fx_translateY_effect&quot;:&quot;yes&quot;,&quot;motion_fx_translateY_affectedRange&quot;:{&quot;unit&quot;:&quot;%&quot;,&quot;size&quot;:&quot;&quot;,&quot;sizes&quot;:{&quot;start&quot;:40,&quot;end&quot;:100}},&quot;motion_fx_devices&quot;:[&quot;desktop&quot;,&quot;tablet&quot;,&quot;mobile&quot;]}\">\n\t\t\t<div class=\"elementor-widget-wrap elementor-element-populated\">\n\t\t\t\t\t\t<div class=\"elementor-element elementor-element-d5c7732 elementor-widget elementor-widget-image\" data-id=\"d5c7732\" data-element_type=\"widget\" data-e-type=\"widget\" data-widget_type=\"image.default\">\n\t\t\t\t<div class=\"elementor-widget-container\">\n\t\t\t\t\t\t\t\t\t\t\t\t\t\t\t<img decoding=\"async\" width=\"1083\" height=\"883\" src=\"https:\/\/guivernauequips.com\/wp-content\/uploads\/2021\/04\/equips-oficina-guivernau-tarragona.jpg\" class=\"attachment-full size-full wp-image-4476\" alt=\"equips-oficina-guivernau-tarragona\" srcset=\"https:\/\/guivernauequips.com\/wp-content\/uploads\/2021\/04\/equips-oficina-guivernau-tarragona.jpg 1083w, https:\/\/guivernauequips.com\/wp-content\/uploads\/2021\/04\/equips-oficina-guivernau-tarragona-300x245.jpg 300w, https:\/\/guivernauequips.com\/wp-content\/uploads\/2021\/04\/equips-oficina-guivernau-tarragona-1024x835.jpg 1024w, https:\/\/guivernauequips.com\/wp-content\/uploads\/2021\/04\/equips-oficina-guivernau-tarragona-768x626.jpg 768w\" sizes=\"(max-width: 1083px) 100vw, 1083px\" \/>\t\t\t\t\t\t\t\t\t\t\t\t\t\t\t<\/div>\n\t\t\t\t<\/div>\n\t\t\t\t\t<\/div>\n\t\t<\/div>\n\t\t\t\t<div class=\"elementor-column elementor-col-50 elementor-top-column elementor-element elementor-element-b3079da animated-slow col2 elementor-invisible\" data-id=\"b3079da\" data-element_type=\"column\" data-e-type=\"column\" data-settings=\"{&quot;animation&quot;:&quot;fadeInUp&quot;,&quot;animation_delay&quot;:10}\">\n\t\t\t<div class=\"elementor-widget-wrap elementor-element-populated\">\n\t\t\t\t\t\t<div class=\"elementor-element elementor-element-a9c4ecb elementor-widget elementor-widget-text-editor\" data-id=\"a9c4ecb\" data-element_type=\"widget\" data-e-type=\"widget\" data-widget_type=\"text-editor.default\">\n\t\t\t\t<div class=\"elementor-widget-container\">\n\t\t\t\t\t\t\t\t\t<p><strong>T&#8217;assessorarem per reduir els teus costos<\/strong>, tant en impressi\u00f3 com en digitalitzaci\u00f3 i gesti\u00f3 de documents.<\/p><p>Per aconseguir un dels nostres equips, <strong>podr\u00e0s triar la soluci\u00f3 m\u00e9s c\u00f2moda per a tu<\/strong>: venda, <a href=\"https:\/\/guivernauequips.com\/ca\/lloguer-dimpressores-a-tarragona\/\">lloguer<\/a> o <a href=\"https:\/\/guivernauequips.com\/ca\/renting-dimpressores-a-tarragona\/\">r\u00e8nting d&#8217;impressores.<\/a> A m\u00e9s, amb el nostre servei t\u00e8cnic de gesti\u00f3 i manteniment dels equips <strong>estalviar\u00e0s temps i diners.<\/strong><\/p><p>Gr\u00e0cies al nostre servei d&#8217;<strong>auditoria de costos d&#8217;impressi\u00f3<\/strong>,<strong>estalviareu fins a un 45% mensualment<\/strong>.<\/p>\t\t\t\t\t\t\t\t<\/div>\n\t\t\t\t<\/div>\n\t\t\t\t\t<\/div>\n\t\t<\/div>\n\t\t\t\t\t<\/div>\n\t\t<\/section>\n\t\t\t\t<section class=\"elementor-section elementor-top-section elementor-element elementor-element-aaab0dd elementor-section-height-min-height elementor-section-boxed elementor-section-height-default elementor-section-items-middle\" data-id=\"aaab0dd\" data-element_type=\"section\" data-e-type=\"section\" data-settings=\"{&quot;background_background&quot;:&quot;classic&quot;}\">\n\t\t\t\t\t\t\t<div class=\"elementor-background-overlay\"><\/div>\n\t\t\t\t\t\t\t<div class=\"elementor-container elementor-column-gap-default\">\n\t\t\t\t\t<div class=\"elementor-column elementor-col-100 elementor-top-column elementor-element elementor-element-e7dfb4f\" data-id=\"e7dfb4f\" data-element_type=\"column\" data-e-type=\"column\">\n\t\t\t<div class=\"elementor-widget-wrap elementor-element-populated\">\n\t\t\t\t\t\t<div class=\"elementor-element elementor-element-03653a7 elementor-widget elementor-widget-counter\" data-id=\"03653a7\" data-element_type=\"widget\" data-e-type=\"widget\" data-widget_type=\"counter.default\">\n\t\t\t\t<div class=\"elementor-widget-container\">\n\t\t\t\t\t\t\t<div class=\"elementor-counter\">\n\t\t\t<div class=\"elementor-counter-title\">d'exposici\u00f3 d'impressores<\/div>\t\t\t<div class=\"elementor-counter-number-wrapper\">\n\t\t\t\t<span class=\"elementor-counter-number-prefix\"><\/span>\n\t\t\t\t<span class=\"elementor-counter-number\" data-duration=\"2000\" data-to-value=\"300\" data-from-value=\"0\" data-delimiter=\",\">0<\/span>\n\t\t\t\t<span class=\"elementor-counter-number-suffix\">m2<\/span>\n\t\t\t<\/div>\n\t\t<\/div>\n\t\t\t\t\t\t<\/div>\n\t\t\t\t<\/div>\n\t\t\t\t\t<\/div>\n\t\t<\/div>\n\t\t\t\t\t<\/div>\n\t\t<\/section>\n\t\t\t\t<\/div>\n\t\t","protected":false},"excerpt":{"rendered":"<p>Sobre nosaltres Guivernau Equips d&#8217;oficina 50 anys d&#8217;experi\u00e8ncia en l&#8217;assessoria i projectes integrals de digitalitzaci\u00f3 Des de 1970, Guivernau hem crescut i evolucionat amb els canvis i aven\u00e7os digitals dels \u00faltims 50 anys. Aquesta dilatada experi\u00e8ncia, juntament amb la varietat de productes de qu\u00e8 disposem, ens permet posar a la teva disposici\u00f3 una\u00e0mplia oferta de &#8230; <a title=\"Sobre nosaltres\" class=\"read-more\" href=\"https:\/\/guivernauequips.com\/ca\/sobre-nosaltres\/\" aria-label=\"M\u00e9s informaci\u00f3 sobre Sobre nosaltres\">Llegiu m\u00e9s<\/a><\/p>\n","protected":false},"author":1,"featured_media":0,"parent":0,"menu_order":0,"comment_status":"closed","ping_status":"closed","template":"","meta":{"footnotes":""},"class_list":["post-4536","page","type-page","status-publish"],"_links":{"self":[{"href":"https:\/\/guivernauequips.com\/ca\/wp-json\/wp\/v2\/pages\/4536","targetHints":{"allow":["GET"]}}],"collection":[{"href":"https:\/\/guivernauequips.com\/ca\/wp-json\/wp\/v2\/pages"}],"about":[{"href":"https:\/\/guivernauequips.com\/ca\/wp-json\/wp\/v2\/types\/page"}],"author":[{"embeddable":true,"href":"https:\/\/guivernauequips.com\/ca\/wp-json\/wp\/v2\/users\/1"}],"replies":[{"embeddable":true,"href":"https:\/\/guivernauequips.com\/ca\/wp-json\/wp\/v2\/comments?post=4536"}],"version-history":[{"count":41,"href":"https:\/\/guivernauequips.com\/ca\/wp-json\/wp\/v2\/pages\/4536\/revisions"}],"predecessor-version":[{"id":6629,"href":"https:\/\/guivernauequips.com\/ca\/wp-json\/wp\/v2\/pages\/4536\/revisions\/6629"}],"wp:attachment":[{"href":"https:\/\/guivernauequips.com\/ca\/wp-json\/wp\/v2\/media?parent=4536"}],"curies":[{"name":"wp","href":"https:\/\/api.w.org\/{rel}","templated":true}]}}